{"id":16070,"date":"2022-01-13T18:20:55","date_gmt":"2022-01-13T16:20:55","guid":{"rendered":"https:\/\/haverit.hylyt.net\/?page_id=16070"},"modified":"2023-12-10T22:18:22","modified_gmt":"2023-12-10T20:18:22","slug":"kenttasammakot","status":"publish","type":"page","link":"https:\/\/haverit.net\/index.php\/kenttasammakot\/","title":{"rendered":"Kentt\u00e4sammakot"},"content":{"rendered":"\n<p>T\u00e4ss\u00e4 galleriassa on esitelty enemm\u00e4n tai v\u00e4hemm\u00e4n vakituiset avustajamme. Sivuston yll\u00e4pito ja kehitt\u00e4minen vaatii mahdollisimman kattavaa verkostoa, jolta saamme sivustoille jatkuvasti mahdollisimman oikeellista ja t\u00e4ydellist\u00e4 tietoa. T\u00e4m\u00e4 kaikki palvelee meit\u00e4 sukeltajia ja meriarkeologian harrastajia. Se mit\u00e4 tarvitaan sivuston jatkuvaan parantamiseen on uusien hylkykohteiden ilmoittaminen tai yht\u00e4 hyvin olemassa olevien tietojen t\u00e4ydent\u00e4minen \/ korjaaminen. My\u00f6s sis\u00e4ll\u00f6ntuottajia tai apuvoimiaa tarvitaan uudelle Haveri.net -osiolle. Mik\u00e4li koet, ett\u00e4 olet itse tai seurassanne on joku henkil\u00f6, joka haluaa toimia my\u00f6s t\u00e4llaisen yhteisen hyv\u00e4n asian eteen, ota yhteys!<\/p>\n\n\n\n<hr class=\"wp-block-separator\"\/>\n\n\n\n<div class=\"wp-block-group alignwide has-subtle-background-background-color has-background\"><div class=\"wp-block-group__inner-container is-layout-flow wp-block-group-is-layout-flow\">\n<h6 class=\"alignwide has-text-align-left wp-block-heading\">Pertti Arvonen<\/h6>\n\n\n\n<div class=\"wp-block-columns alignwide is-layout-flex wp-container-core-columns-is-layout-1 wp-block-columns-is-layout-flex\">\n<div class=\"wp-block-column is-layout-flow wp-block-column-is-layout-flow\" style=\"flex-basis:33.33%\">\n<figure class=\"wp-block-image size-large\"><img loading=\"lazy\" decoding=\"async\" width=\"576\" height=\"1024\" src=\"\/wp-content\/uploads\/2022\/01\/Pertti-576x1024.jpg\" alt=\"\" class=\"wp-image-16482\" srcset=\"https:\/\/haverit.net\/wp-content\/uploads\/2022\/01\/Pertti-576x1024.jpg 576w, https:\/\/haverit.net\/wp-content\/uploads\/2022\/01\/Pertti-169x300.jpg 169w, https:\/\/haverit.net\/wp-content\/uploads\/2022\/01\/Pertti-768x1365.jpg 768w, https:\/\/haverit.net\/wp-content\/uploads\/2022\/01\/Pertti-864x1536.jpg 864w, https:\/\/haverit.net\/wp-content\/uploads\/2022\/01\/Pertti.jpg 900w\" sizes=\"auto, (max-width: 576px) 100vw, 576px\" \/><\/figure>\n<\/div>\n\n\n\n<div class=\"wp-block-column is-vertically-aligned-center is-layout-flow wp-block-column-is-layout-flow\" style=\"flex-basis:66.66%\">\n<p>&#8221;Pertti Arvonen, Saaristomeri -Barlius ryhm\u00e4&#8221; Suht tuore sukeltaja ja aktiivinen hylkyjen etsinn\u00e4ss\u00e4 ja dokumentoinnissa Saaristomeren alueella. P\u00e4\u00e4osin keskittynyt viistokaiuttamiseen, sijaintitietojen tarkkuuteen, kohteilla navigointiin ja vedenalaisen paikkatiedon tuottamiseen mm. fotogrammetriaan. Toimii UWIS Oy:n toimitusjohtajana (UWIS System; vedenalainen seuranta-, navigointi- ja viestint\u00e4j\u00e4rjestelm\u00e4) ja menetelm\u00e4kehityksess\u00e4. Yksi Barlius tutkimusryhm\u00e4n perustajista ja Nautic Club Urheilusukeltajat ry:n j\u00e4sen.<\/p>\n<\/div>\n<\/div>\n<\/div><\/div>\n\n\n\n<hr class=\"wp-block-separator\"\/>\n\n\n\n<div class=\"wp-block-group alignwide has-subtle-background-background-color has-background\"><div class=\"wp-block-group__inner-container is-layout-flow wp-block-group-is-layout-flow\">\n<h6 class=\"alignwide has-text-align-left wp-block-heading\">Samuli Haataja<\/h6>\n\n\n\n<div class=\"wp-block-columns alignwide is-layout-flex wp-container-core-columns-is-layout-2 wp-block-columns-is-layout-flex\">\n<div class=\"wp-block-column is-layout-flow wp-block-column-is-layout-flow\" style=\"flex-basis:33.33%\">\n<figure class=\"wp-block-image size-large\"><img loading=\"lazy\" decoding=\"async\" width=\"1024\" height=\"1024\" src=\"\/wp-content\/uploads\/2022\/01\/Samuli-1024x1024.jpg\" alt=\"\" class=\"wp-image-16073\" srcset=\"https:\/\/haverit.net\/wp-content\/uploads\/2022\/01\/Samuli-1024x1024.jpg 1024w, https:\/\/haverit.net\/wp-content\/uploads\/2022\/01\/Samuli-300x300.jpg 300w, https:\/\/haverit.net\/wp-content\/uploads\/2022\/01\/Samuli-150x150.jpg 150w, https:\/\/haverit.net\/wp-content\/uploads\/2022\/01\/Samuli-768x768.jpg 768w, https:\/\/haverit.net\/wp-content\/uploads\/2022\/01\/Samuli-1536x1536.jpg 1536w, https:\/\/haverit.net\/wp-content\/uploads\/2022\/01\/Samuli-2048x2048.jpg 2048w, https:\/\/haverit.net\/wp-content\/uploads\/2022\/01\/Samuli-1200x1200.jpg 1200w, https:\/\/haverit.net\/wp-content\/uploads\/2022\/01\/Samuli-1980x1980.jpg 1980w\" sizes=\"auto, (max-width: 1024px) 100vw, 1024px\" \/><\/figure>\n<\/div>\n\n\n\n<div class=\"wp-block-column is-vertically-aligned-center is-layout-flow wp-block-column-is-layout-flow\" style=\"flex-basis:66.66%\">\n<p>&#8221;Samuli Haataja, Saaristomeri -Barlius ryhm\u00e4&#8221; Erityisosaamisalue fotogrammetria ja hylkyjen 3d-mallit. Harrastuksena my\u00f6s autonomian ajan arkistojen tutkiminen. Haaksirikot Russar\u00f6st\u00e4 l\u00e4nteen ja Isokarista etel\u00e4\u00e4n kiinnostavat minua erityisesti. Kotiseurani on Nautic club ry ja kuulun my\u00f6s Barlius -ryhm\u00e4\u00e4n&#8221;<\/p>\n<\/div>\n<\/div>\n<\/div><\/div>\n\n\n\n<hr class=\"wp-block-separator\"\/>\n\n\n\n<div class=\"wp-block-group alignwide has-subtle-background-background-color has-background\"><div class=\"wp-block-group__inner-container is-layout-flow wp-block-group-is-layout-flow\">\n<h6 class=\"alignwide has-text-align-left wp-block-heading\">Hannu Rokka<\/h6>\n\n\n\n<div class=\"wp-block-columns alignwide has-subtle-background-background-color has-background is-layout-flex wp-container-core-columns-is-layout-3 wp-block-columns-is-layout-flex\">\n<div class=\"wp-block-column is-layout-flow wp-block-column-is-layout-flow\" style=\"flex-basis:33.33%\">\n<figure class=\"wp-block-image size-large\"><img loading=\"lazy\" decoding=\"async\" width=\"722\" height=\"1024\" src=\"\/wp-content\/uploads\/2023\/12\/IMG_1546-722x1024.jpg\" alt=\"\" class=\"wp-image-22205\" srcset=\"https:\/\/haverit.net\/wp-content\/uploads\/2023\/12\/IMG_1546-722x1024.jpg 722w, https:\/\/haverit.net\/wp-content\/uploads\/2023\/12\/IMG_1546-212x300.jpg 212w, https:\/\/haverit.net\/wp-content\/uploads\/2023\/12\/IMG_1546-768x1089.jpg 768w, https:\/\/haverit.net\/wp-content\/uploads\/2023\/12\/IMG_1546.jpg 835w\" sizes=\"auto, (max-width: 722px) 100vw, 722px\" \/><\/figure>\n<\/div>\n\n\n\n<div class=\"wp-block-column is-vertically-aligned-center is-layout-flow wp-block-column-is-layout-flow\" style=\"flex-basis:66.66%\">\n<p>Hannu Rokka, Suomen Meriarkeologinen Seura Ry<br>\u00a080-luvulla aloittanut sukeltaja, joka pitk\u00e4n tauon j\u00e4lkeen tehnyt comeback my\u00f6s Suomi-sukeltamiseen. Toimin MAS Ry hallituksessa ja asiamiehen\u00e4. MAS kentt\u00e4ty\u00f6leirien lis\u00e4ksi liikun aktiivisesti It\u00e4merell\u00e4 omalla veneell\u00e4 etsien ja tarkistaen hylkykohteita.<\/p>\n<\/div>\n<\/div>\n<\/div><\/div>\n\n\n\n<hr class=\"wp-block-separator\"\/>\n\n\n\n<div class=\"wp-block-group alignwide has-subtle-background-background-color has-background\"><div class=\"wp-block-group__inner-container is-layout-flow wp-block-group-is-layout-flow\">\n<h6 class=\"alignwide has-text-align-left wp-block-heading\">Timo Laaksonen<\/h6>\n\n\n\n<div class=\"wp-block-columns alignwide has-subtle-background-background-color has-background is-layout-flex wp-container-core-columns-is-layout-4 wp-block-columns-is-layout-flex\">\n<div class=\"wp-block-column is-layout-flow wp-block-column-is-layout-flow\" style=\"flex-basis:33.33%\">\n<figure class=\"wp-block-image size-large\"><img loading=\"lazy\" decoding=\"async\" width=\"1024\" height=\"1024\" src=\"\/wp-content\/uploads\/2022\/01\/TimoLaaksonen-1024x1024.jpg\" alt=\"\" class=\"wp-image-16192\" srcset=\"https:\/\/haverit.net\/wp-content\/uploads\/2022\/01\/TimoLaaksonen-1024x1024.jpg 1024w, https:\/\/haverit.net\/wp-content\/uploads\/2022\/01\/TimoLaaksonen-300x300.jpg 300w, https:\/\/haverit.net\/wp-content\/uploads\/2022\/01\/TimoLaaksonen-150x150.jpg 150w, https:\/\/haverit.net\/wp-content\/uploads\/2022\/01\/TimoLaaksonen-768x768.jpg 768w, https:\/\/haverit.net\/wp-content\/uploads\/2022\/01\/TimoLaaksonen.jpg 1152w\" sizes=\"auto, (max-width: 1024px) 100vw, 1024px\" \/><\/figure>\n<\/div>\n\n\n\n<div class=\"wp-block-column is-vertically-aligned-center is-layout-flow wp-block-column-is-layout-flow\" style=\"flex-basis:66.66%\">\n<p>Taustat:Sukellusseura H2O, sukellustaso OC rec.trimix, CCR mod2, hylkyjen etsint\u00e4, photogrammetria.<\/p>\n\n\n\n<p>Kiinnostus hylkyjen etsimiseen merialueilla alkoi vuonna 2004, sukellusharrastus 2009.<\/p>\n\n\n\n<p>2014 j\u00e4lkeen syvennyin meriarkeologiaan kurssien ja kentt\u00e4t\u00f6iden muodossa, erityisesti vanhoihin puisiin purjealuksiin, jotka ovat itselleni suurin mielenkiinnon kohde.<\/p>\n\n\n\n<p>Ty\u00f6skentely p\u00e4\u00e4osin merialueilla, Helsinki-Virolahti alueella.<\/p>\n<\/div>\n<\/div>\n<\/div><\/div>\n\n\n\n<hr class=\"wp-block-separator\"\/>\n\n\n\n<div class=\"wp-block-group alignwide has-subtle-background-background-color has-background\"><div class=\"wp-block-group__inner-container is-layout-flow wp-block-group-is-layout-flow\">\n<h6 class=\"alignwide has-text-align-left wp-block-heading\">Juha Lauro ja ULjas &#8221;Urkki Uromaa&#8221;<\/h6>\n\n\n\n<div class=\"wp-block-columns alignwide has-subtle-background-background-color has-background is-layout-flex wp-container-core-columns-is-layout-5 wp-block-columns-is-layout-flex\">\n<div class=\"wp-block-column is-layout-flow wp-block-column-is-layout-flow\" style=\"flex-basis:33.33%\">\n<figure class=\"wp-block-image size-large\"><img loading=\"lazy\" decoding=\"async\" width=\"1024\" height=\"772\" src=\"\/wp-content\/uploads\/2022\/01\/JuhaLauro-1024x772.jpg\" alt=\"\" class=\"wp-image-16195\" srcset=\"https:\/\/haverit.net\/wp-content\/uploads\/2022\/01\/JuhaLauro-1024x772.jpg 1024w, https:\/\/haverit.net\/wp-content\/uploads\/2022\/01\/JuhaLauro-300x226.jpg 300w, https:\/\/haverit.net\/wp-content\/uploads\/2022\/01\/JuhaLauro-768x579.jpg 768w, https:\/\/haverit.net\/wp-content\/uploads\/2022\/01\/JuhaLauro-1200x904.jpg 1200w, https:\/\/haverit.net\/wp-content\/uploads\/2022\/01\/JuhaLauro.jpg 1460w\" sizes=\"auto, (max-width: 1024px) 100vw, 1024px\" \/><\/figure>\n<\/div>\n\n\n\n<div class=\"wp-block-column is-vertically-aligned-center is-layout-flow wp-block-column-is-layout-flow\" style=\"flex-basis:66.66%\">\n<p><strong>Team H2O:n harmaahapset<\/strong>. Juha Lauro ja Uljas \u201cUrkki\u201d Uromaa ovat p\u00e4\u00e4kaupunkiseutulaisen H2O-seuran keskeiset hylkytutkijat. Parivaljakko on ker\u00e4nnyt laajan tietomassan arkistoista ja avovesikaudet kynt\u00e4neet merta hylkyj\u00e4 etsim\u00e4ss\u00e4. Seuran runsas hylkykortisto on pitk\u00e4lti heid\u00e4n k\u00e4sialaa.<\/p>\n<\/div>\n<\/div>\n<\/div><\/div>\n\n\n\n<hr class=\"wp-block-separator\"\/>\n\n\n\n<div class=\"wp-block-group alignwide has-subtle-background-background-color has-background\"><div class=\"wp-block-group__inner-container is-layout-flow wp-block-group-is-layout-flow\">\n<h6 class=\"alignwide has-text-align-left wp-block-heading\">Mikko Huhtamies<\/h6>\n\n\n\n<div class=\"wp-block-columns alignwide has-subtle-background-background-color has-background is-layout-flex wp-container-core-columns-is-layout-6 wp-block-columns-is-layout-flex\">\n<div class=\"wp-block-column is-layout-flow wp-block-column-is-layout-flow\" style=\"flex-basis:33.33%\">\n<figure class=\"wp-block-image size-large\"><img loading=\"lazy\" decoding=\"async\" width=\"886\" height=\"878\" src=\"\/wp-content\/uploads\/2023\/08\/Mikko.jpg\" alt=\"\" class=\"wp-image-21967\" srcset=\"https:\/\/haverit.net\/wp-content\/uploads\/2023\/08\/Mikko.jpg 886w, https:\/\/haverit.net\/wp-content\/uploads\/2023\/08\/Mikko-300x297.jpg 300w, https:\/\/haverit.net\/wp-content\/uploads\/2023\/08\/Mikko-150x150.jpg 150w, https:\/\/haverit.net\/wp-content\/uploads\/2023\/08\/Mikko-768x761.jpg 768w\" sizes=\"auto, (max-width: 886px) 100vw, 886px\" \/><\/figure>\n<\/div>\n\n\n\n<div class=\"wp-block-column is-vertically-aligned-center is-layout-flow wp-block-column-is-layout-flow\" style=\"flex-basis:66.66%\">\n<p> <strong>Mikko Huhtamies<\/strong> on tietokirjailija ja dosentti HYssa. Erikoistunut vanhemman ajan (1200-1800) merihistoriaan ja haaksirikkoihin. Omakohtainen suhde saaristoon purjehtimalla.<\/p>\n<\/div>\n<\/div>\n<\/div><\/div>\n","protected":false},"excerpt":{"rendered":"<p>T\u00e4ss\u00e4 galleriassa on esitelty enemm\u00e4n tai v\u00e4hemm\u00e4n vakituiset avustajamme. Sivuston yll\u00e4pito ja kehitt\u00e4minen vaatii mahdollisimman kattavaa verkostoa, jolta saamme sivustoille jatkuvasti mahdollisimman oikeellista ja t\u00e4ydellist\u00e4 tietoa. T\u00e4m\u00e4 kaikki palvelee meit\u00e4 sukeltajia ja meriarkeologian harrastajia. Se mit\u00e4 tarvitaan sivuston jatkuvaan parantamiseen on uusien hylkykohteiden ilmoittaminen tai yht\u00e4 hyvin olemassa olevien tietojen t\u00e4ydent\u00e4minen \/ korjaaminen. My\u00f6s sis\u00e4ll\u00f6ntuottajia [&hellip;]<\/p>\n","protected":false},"author":1,"featured_media":0,"parent":0,"menu_order":0,"comment_status":"closed","ping_status":"closed","template":"","meta":{"footnotes":""},"class_list":["post-16070","page","type-page","status-publish","hentry"],"_links":{"self":[{"href":"https:\/\/haverit.net\/index.php\/wp-json\/wp\/v2\/pages\/16070","targetHints":{"allow":["GET"]}}],"collection":[{"href":"https:\/\/haverit.net\/index.php\/wp-json\/wp\/v2\/pages"}],"about":[{"href":"https:\/\/haverit.net\/index.php\/wp-json\/wp\/v2\/types\/page"}],"author":[{"embeddable":true,"href":"https:\/\/haverit.net\/index.php\/wp-json\/wp\/v2\/users\/1"}],"replies":[{"embeddable":true,"href":"https:\/\/haverit.net\/index.php\/wp-json\/wp\/v2\/comments?post=16070"}],"version-history":[{"count":26,"href":"https:\/\/haverit.net\/index.php\/wp-json\/wp\/v2\/pages\/16070\/revisions"}],"predecessor-version":[{"id":22206,"href":"https:\/\/haverit.net\/index.php\/wp-json\/wp\/v2\/pages\/16070\/revisions\/22206"}],"wp:attachment":[{"href":"https:\/\/haverit.net\/index.php\/wp-json\/wp\/v2\/media?parent=16070"}],"curies":[{"name":"wp","href":"https:\/\/api.w.org\/{rel}","templated":true}]}}